{"id":81,"date":"2024-03-14T22:53:16","date_gmt":"2024-03-14T22:53:16","guid":{"rendered":"https:\/\/plumadebambu.com\/?page_id=81"},"modified":"2025-12-16T00:29:42","modified_gmt":"2025-12-16T00:29:42","slug":"nosotros","status":"publish","type":"page","link":"https:\/\/plumadebambu.com\/index.php\/nosotros\/","title":{"rendered":"Nosotros"},"content":{"rendered":"\n<div style=\"height:45px\" aria-hidden=\"true\" class=\"wp-block-spacer\"><\/div>\n\n\n\n<p><strong>Pluma de Bamb\u00fa<\/strong><strong> Editores<\/strong>&nbsp;se fund\u00f3 en el 2020 por un grupo de comunic\u00f3logos, escritores, dise\u00f1adores y fot\u00f3grafos, amantes de los libros y la lectura.<\/p>\n\n\n\n<p>Este proyecto editorial tiene como objetivo contribuir al dise\u00f1o y producci\u00f3n de libros, y \u00a0publicaciones afines, como v\u00eda de difusi\u00f3n del\u00a0<strong>arte<\/strong> y del\u00a0<strong>conocimiento<\/strong><strong>,<\/strong> as\u00ed como motivar el inter\u00e9s por la lectura. Los medios digitales y las nuevas tecnolog\u00edas nos permiten ir m\u00e1s all\u00e1 del libro impreso para mantenernos en la vanguardia de la industria editorial.<\/p>\n\n\n\n<p>El equipo de&nbsp;<strong>Pluma de Bamb\u00fa Editores<\/strong>&nbsp;cuenta con lo necesario para generar proyectos propios, en colaboraci\u00f3n &nbsp;y\/o sobre pedido, con quienes compartan el gusto e inter\u00e9s por desarrollar nuevos proyectos editoriales.<\/p>\n\n\n\n<p>Nuestro compromiso est\u00e1 con los m\u00e1s altos est\u00e1ndares de calidad, la plena satisfacci\u00f3n de nuestros lectores y la amplia difusi\u00f3n de nuestro trabajo como una contribuci\u00f3n al gusto por el libro y la lectura.<\/p>\n\n\n\n<div style=\"height:45px\" aria-hidden=\"true\" class=\"wp-block-spacer\"><\/div>\n","protected":false},"excerpt":{"rendered":"<p>Pluma de Bamb\u00fa Editores&nbsp;se fund\u00f3 en el 2020 por un grupo de comunic\u00f3logos, escritores, dise\u00f1adores y fot\u00f3grafos, amantes de los [&hellip;]<\/p>\n","protected":false},"author":1,"featured_media":0,"parent":0,"menu_order":0,"comment_status":"closed","ping_status":"closed","template":"","meta":{"site-sidebar-layout":"default","site-content-layout":"","ast-site-content-layout":"","site-content-style":"default","site-sidebar-style":"default","ast-global-header-display":"","ast-banner-title-visibility":"","ast-main-header-display":"","ast-hfb-above-header-display":"","ast-hfb-below-header-display":"","ast-hfb-mobile-header-display":"","site-post-title":"","ast-breadcrumbs-content":"","ast-featured-img":"","footer-sml-layout":"","theme-transparent-header-meta":"","adv-header-id-meta":"","stick-header-meta":"","header-above-stick-meta":"","header-main-stick-meta":"","header-below-stick-meta":"","astra-migrate-meta-layouts":"default","ast-page-background-enabled":"default","ast-page-background-meta":{"desktop":{"background-color":"var(--ast-global-color-4)","background-image":"","background-repeat":"repeat","background-position":"center center","background-size":"auto","background-attachment":"scroll","background-type":"","background-media":"","overlay-type":"","overlay-color":"","overlay-opacity":"","overlay-gradient":""},"tablet":{"background-color":"","background-image":"","background-repeat":"repeat","background-position":"center center","background-size":"auto","background-attachment":"scroll","background-type":"","background-media":"","overlay-type":"","overlay-color":"","overlay-opacity":"","overlay-gradient":""},"mobile":{"background-color":"","background-image":"","background-repeat":"repeat","background-position":"center center","background-size":"auto","background-attachment":"scroll","background-type":"","background-media":"","overlay-type":"","overlay-color":"","overlay-opacity":"","overlay-gradient":""}},"ast-content-background-meta":{"desktop":{"background-color":"var(--ast-global-color-5)","background-image":"","background-repeat":"repeat","background-position":"center center","background-size":"auto","background-attachment":"scroll","background-type":"","background-media":"","overlay-type":"","overlay-color":"","overlay-opacity":"","overlay-gradient":""},"tablet":{"background-color":"var(--ast-global-color-5)","background-image":"","background-repeat":"repeat","background-position":"center center","background-size":"auto","background-attachment":"scroll","background-type":"","background-media":"","overlay-type":"","overlay-color":"","overlay-opacity":"","overlay-gradient":""},"mobile":{"background-color":"var(--ast-global-color-5)","background-image":"","background-repeat":"repeat","background-position":"center center","background-size":"auto","background-attachment":"scroll","background-type":"","background-media":"","overlay-type":"","overlay-color":"","overlay-opacity":"","overlay-gradient":""}},"footnotes":""},"class_list":["post-81","page","type-page","status-publish","hentry"],"_links":{"self":[{"href":"https:\/\/plumadebambu.com\/index.php\/wp-json\/wp\/v2\/pages\/81","targetHints":{"allow":["GET"]}}],"collection":[{"href":"https:\/\/plumadebambu.com\/index.php\/wp-json\/wp\/v2\/pages"}],"about":[{"href":"https:\/\/plumadebambu.com\/index.php\/wp-json\/wp\/v2\/types\/page"}],"author":[{"embeddable":true,"href":"https:\/\/plumadebambu.com\/index.php\/wp-json\/wp\/v2\/users\/1"}],"replies":[{"embeddable":true,"href":"https:\/\/plumadebambu.com\/index.php\/wp-json\/wp\/v2\/comments?post=81"}],"version-history":[{"count":8,"href":"https:\/\/plumadebambu.com\/index.php\/wp-json\/wp\/v2\/pages\/81\/revisions"}],"predecessor-version":[{"id":238,"href":"https:\/\/plumadebambu.com\/index.php\/wp-json\/wp\/v2\/pages\/81\/revisions\/238"}],"wp:attachment":[{"href":"https:\/\/plumadebambu.com\/index.php\/wp-json\/wp\/v2\/media?parent=81"}],"curies":[{"name":"wp","href":"https:\/\/api.w.org\/{rel}","templated":true}]}}